{"id":1986,"date":"2024-10-01T12:33:11","date_gmt":"2024-10-01T11:33:11","guid":{"rendered":"https:\/\/sapacompany.com\/?page_id=1986"},"modified":"2024-10-01T13:01:36","modified_gmt":"2024-10-01T12:01:36","slug":"magazine","status":"publish","type":"page","link":"https:\/\/sapacompany.com\/it\/magazine\/","title":{"rendered":"One-Shot Magazine"},"content":{"rendered":"\t\t<div data-elementor-type=\"wp-page\" data-elementor-id=\"1986\" class=\"elementor elementor-1986\" data-elementor-post-type=\"page\">\n\t\t\t\t<div data-particle_enable=\"false\" data-particle-mobile-disabled=\"false\" class=\"elementor-element elementor-element-82c3f78 e-con-full e-flex e-con e-child\" data-id=\"82c3f78\" data-element_type=\"container\" data-settings=\"{&quot;background_background&quot;:&quot;classic&quot;}\">\n\t\t\t\t<div class=\"elementor-element elementor-element-841eb40 elementor-widget elementor-widget-heading\" data-id=\"841eb40\" data-element_type=\"widget\" data-widget_type=\"heading.default\">\n\t\t\t\t<div class=\"elementor-widget-container\">\n\t\t\t<style>\/*! elementor - v3.21.0 - 08-05-2024 *\/\n.elementor-heading-title{padding:0;margin:0;line-height:1}.elementor-widget-heading .elementor-heading-title>a{color:inherit;font-size:inherit;line-height:inherit}.elementor-widget-heading .elementor-heading-title.elementor-size-small{font-size:15px}.elementor-widget-heading .elementor-heading-title.elementor-size-medium{font-size:19px}.elementor-widget-heading .elementor-heading-title.elementor-size-large{font-size:29px}.elementor-widget-heading .elementor-heading-title.elementor-size-xl{font-size:39px}.elementor-widget-heading .elementor-heading-title.elementor-size-xxl{font-size:59px}<\/style><h2 class=\"elementor-heading-title elementor-size-default\">One-Shot Magazine<\/h2>\t\t<\/div>\n\t\t\t\t<\/div>\n\t\t\t\t<\/div>\n\t\t<div data-particle_enable=\"false\" data-particle-mobile-disabled=\"false\" class=\"elementor-element elementor-element-476350e e-con-full e-flex e-con e-child\" data-id=\"476350e\" data-element_type=\"container\">\n\t\t\t\t<div class=\"elementor-element elementor-element-005b6ef elementor-widget elementor-widget-tp-blog-listout\" data-id=\"005b6ef\" data-element_type=\"widget\" data-no-translation=\"\" data-widget_type=\"tp-blog-listout.default\">\n\t\t\t\t<div class=\"elementor-widget-container\">\n\t\t\t<div id=\"pt-plus-blog-post-list\" class=\"blog-list post69f7d0590b004  list-isotope-metro  blog-style-4 hover-image-style-1  \"  data-layout-type=\"metro\"  data-metro-columns=\"3\"  data-metro-style=\"style-1\"  data-tablet-metro-columns=\"3\" data-tablet-metro-style=\"style-1\"  data-id=\"post69f7d0590b004\" data-style=\"style-4\"   dir= data-enable-isotope=\"1\" ><div id=\"post69f7d0590b004\" class=\"tp-row post-inner-loop post69f7d0590b004   \"><div class=\"grid-item metro-item1 tb-metro-item1     \"><article id=\"post-5016\" class=\"post-5016 post type-post status-publish format-standard has-post-thumbnail hentry category-news\">\n\t<div class=\"blog-list-content\">\t\t\n\t\t<div class=\"post-content-bottom\">\n\t\t\t<a href=\"https:\/\/sapacompany.com\/it\/acquisizione-megatech-it\/\" class=\"post-bg-image-content\"><div class=\"blog-bg-image-metro \" style=\"background:url(https:\/\/sapacompany.com\/wp-content\/uploads\/2025\/03\/bg_compressed.png) #f7f7f7;\"><\/div><\/a>\n\t\t\t<div class=\"post-metro-content\">\n\t\t\t\t\t\t\t\t<h3 class=\"post-title\">\n\t<a href=\"https:\/\/sapacompany.com\/it\/acquisizione-megatech-it\/\" class=\"normal\">SAPA, the One-Shot\u00aeCompany, completa l&#8217;acquisizione della societ\u00e0 europea Megatech Industries Aktiengesellschaft come parte della sua espansione<\/a>\n<\/h3>\n\t\t\t\t\t\t\t\t\t<div class=\"post-hover-content\">\n\t\t\t\t\t\t<div class=\"entry-content\">\n\t<p>&nbsp; Con questa acquisizione, SAPA si avviciner\u00e0 ai 700 milioni di euro di fatturato. SAPA consolider\u00e0 la sua presenza nella <\/p>\n<\/div>\n\t\t\t\t\t<\/div>\n\t\t\t\t\t\t\t\t\t\t\t\t\t<div class=\"post-meta-info style-1\"><span class=\"meta-date\"><a href=\"https:\/\/sapacompany.com\/it\/acquisizione-megatech-it\/\"><span class=\"entry-date\">03\/03\/2025<\/span><\/a><\/span>\n<\/div>\t\t\t\t\t\t\t\t\t\t\t<\/div>\n\t\t<\/div>\t\n\t\t\t\n\t<\/div>\n<\/article>\n<\/div><div class=\"grid-item metro-item2 tb-metro-item2     \"><article id=\"post-4900\" class=\"post-4900 post type-post status-publish format-standard has-post-thumbnail hentry category-news\">\n\t<div class=\"blog-list-content\">\t\t\n\t\t<div class=\"post-content-bottom\">\n\t\t\t<a href=\"https:\/\/sapacompany.com\/it\/il-riciclo-creativo-alla-sapa-dalle-mele-ai-componenti-avanzati\/\" class=\"post-bg-image-content\"><div class=\"blog-bg-image-metro \" style=\"background:url(https:\/\/sapacompany.com\/wp-content\/uploads\/2024\/10\/Creative-Recycling-at-SAPA-From-Apples-to-Advanced-Components-2-scaled-3.jpg) #f7f7f7;\"><\/div><\/a>\n\t\t\t<div class=\"post-metro-content\">\n\t\t\t\t\t\t\t\t<h3 class=\"post-title\">\n\t<a href=\"https:\/\/sapacompany.com\/it\/il-riciclo-creativo-alla-sapa-dalle-mele-ai-componenti-avanzati\/\" class=\"normal\">Il Riciclo Creativo alla SAPA: Dalle Mele ai Componenti Avanzati<\/a>\n<\/h3>\n\t\t\t\t\t\t\t\t\t<div class=\"post-hover-content\">\n\t\t\t\t\t\t<div class=\"entry-content\">\n\t<p>Come trasformiamo i contenitori di mele in soluzioni sostenibili per conservare i nostri componenti d&#8217;avanguardia. Qui in SAPA, abbiamo a <\/p>\n<\/div>\n\t\t\t\t\t<\/div>\n\t\t\t\t\t\t\t\t\t\t\t\t\t<div class=\"post-meta-info style-1\"><span class=\"meta-date\"><a href=\"https:\/\/sapacompany.com\/it\/il-riciclo-creativo-alla-sapa-dalle-mele-ai-componenti-avanzati\/\"><span class=\"entry-date\">28\/11\/2023<\/span><\/a><\/span>\n<\/div>\t\t\t\t\t\t\t\t\t\t\t<\/div>\n\t\t<\/div>\t\n\t\t\t\n\t<\/div>\n<\/article>\n<\/div><div class=\"grid-item metro-item3 tb-metro-item3     \"><article id=\"post-4875\" class=\"post-4875 post type-post status-publish format-standard has-post-thumbnail hentry category-news\">\n\t<div class=\"blog-list-content\">\t\t\n\t\t<div class=\"post-content-bottom\">\n\t\t\t<a href=\"https:\/\/sapacompany.com\/it\/sapa-sulla-prima-ev-di-lusso-al-mondo-rolls-royce-spectre\/\" class=\"post-bg-image-content\"><div class=\"blog-bg-image-metro \" style=\"background:url(https:\/\/sapacompany.com\/wp-content\/uploads\/2024\/10\/SAPA-Rolls-Royce.webp) #f7f7f7;\"><\/div><\/a>\n\t\t\t<div class=\"post-metro-content\">\n\t\t\t\t\t\t\t\t<h3 class=\"post-title\">\n\t<a href=\"https:\/\/sapacompany.com\/it\/sapa-sulla-prima-ev-di-lusso-al-mondo-rolls-royce-spectre\/\" class=\"normal\">SAPA sulla prima EV di lusso al mondo: Rolls-Royce Spectre<\/a>\n<\/h3>\n\t\t\t\t\t\t\t\t\t<div class=\"post-hover-content\">\n\t\t\t\t\t\t<div class=\"entry-content\">\n\t<p>SAPA produce plancia, mobiletto centrale e tutta la console posteriore della nuova Rolls-Royce Spectre commercializzata nel 2023. \u00c8 in atto <\/p>\n<\/div>\n\t\t\t\t\t<\/div>\n\t\t\t\t\t\t\t\t\t\t\t\t\t<div class=\"post-meta-info style-1\"><span class=\"meta-date\"><a href=\"https:\/\/sapacompany.com\/it\/sapa-sulla-prima-ev-di-lusso-al-mondo-rolls-royce-spectre\/\"><span class=\"entry-date\">11\/09\/2023<\/span><\/a><\/span>\n<\/div>\t\t\t\t\t\t\t\t\t\t\t<\/div>\n\t\t<\/div>\t\n\t\t\t\n\t<\/div>\n<\/article>\n<\/div><div class=\"grid-item metro-item4 tb-metro-item4     \"><article id=\"post-4886\" class=\"post-4886 post type-post status-publish format-standard has-post-thumbnail hentry category-news category-sapa-press tag-hispamoldes tag-indea tag-ma tag-quarza tag-sapa\">\n\t<div class=\"blog-list-content\">\t\t\n\t\t<div class=\"post-content-bottom\">\n\t\t\t<a href=\"https:\/\/sapacompany.com\/it\/sapa-acquisisce-la-maggioranza-nella-partecipata-di-quarza-grupo-hispamoldes\/\" class=\"post-bg-image-content\"><div class=\"blog-bg-image-metro \" style=\"background:url(https:\/\/sapacompany.com\/wp-content\/uploads\/2024\/10\/202302_hispamoldes-1.jpg) #f7f7f7;\"><\/div><\/a>\n\t\t\t<div class=\"post-metro-content\">\n\t\t\t\t\t\t\t\t<h3 class=\"post-title\">\n\t<a href=\"https:\/\/sapacompany.com\/it\/sapa-acquisisce-la-maggioranza-nella-partecipata-di-quarza-grupo-hispamoldes\/\" class=\"normal\">SAPA acquisisce la maggioranza nella partecipata di Quarza, Grupo Hispamoldes<\/a>\n<\/h3>\n\t\t\t\t\t\t\t\t\t<div class=\"post-hover-content\">\n\t\t\t\t\t\t<div class=\"entry-content\">\n\t<p>Il fondo di investimento di Cristian Abell\u00f3 e l&#8217;italiana SAPA uniscono le forze per creare un fornitore leader in Europa <\/p>\n<\/div>\n\t\t\t\t\t<\/div>\n\t\t\t\t\t\t\t\t\t\t\t\t\t<div class=\"post-meta-info style-1\"><span class=\"meta-date\"><a href=\"https:\/\/sapacompany.com\/it\/sapa-acquisisce-la-maggioranza-nella-partecipata-di-quarza-grupo-hispamoldes\/\"><span class=\"entry-date\">17\/02\/2023<\/span><\/a><\/span>\n<\/div>\t\t\t\t\t\t\t\t\t\t\t<\/div>\n\t\t<\/div>\t\n\t\t\t\n\t<\/div>\n<\/article>\n<\/div><div class=\"grid-item metro-item5 tb-metro-item5     \"><article id=\"post-4868\" class=\"post-4868 post type-post status-publish format-standard has-post-thumbnail hentry category-news\">\n\t<div class=\"blog-list-content\">\t\t\n\t\t<div class=\"post-content-bottom\">\n\t\t\t<a href=\"https:\/\/sapacompany.com\/it\/progetto-teca-un-vano-motore-incapsulato-puo-davvero-ridurre-le-emissioni-co2\/\" class=\"post-bg-image-content\"><div class=\"blog-bg-image-metro \" style=\"background:url(https:\/\/sapacompany.com\/wp-content\/uploads\/2024\/10\/sapa-arpaia.jpg) #f7f7f7;\"><\/div><\/a>\n\t\t\t<div class=\"post-metro-content\">\n\t\t\t\t\t\t\t\t<h3 class=\"post-title\">\n\t<a href=\"https:\/\/sapacompany.com\/it\/progetto-teca-un-vano-motore-incapsulato-puo-davvero-ridurre-le-emissioni-co2\/\" class=\"normal\">Progetto TECA: un vano motore incapsulato pu\u00f2 davvero ridurre le emissioni CO2?<\/a>\n<\/h3>\n\t\t\t\t\t\t\t\t\t<div class=\"post-hover-content\">\n\t\t\t\t\t\t<div class=\"entry-content\">\n\t<p>S\u00ec, e pu\u00f2 fare molto di pi\u00f9. Ridurre i consumi, migliorare le performance termiche e acustiche, rendere l\u2019auto pi\u00f9 leggera <\/p>\n<\/div>\n\t\t\t\t\t<\/div>\n\t\t\t\t\t\t\t\t\t\t\t\t\t<div class=\"post-meta-info style-1\"><span class=\"meta-date\"><a href=\"https:\/\/sapacompany.com\/it\/progetto-teca-un-vano-motore-incapsulato-puo-davvero-ridurre-le-emissioni-co2\/\"><span class=\"entry-date\">24\/09\/2020<\/span><\/a><\/span>\n<\/div>\t\t\t\t\t\t\t\t\t\t\t<\/div>\n\t\t<\/div>\t\n\t\t\t\n\t<\/div>\n<\/article>\n<\/div><div class=\"grid-item metro-item6 tb-metro-item6     \"><article id=\"post-4864\" class=\"post-4864 post type-post status-publish format-standard has-post-thumbnail hentry category-news category-sapa-press tag-banche tag-banco-bpm tag-credit-agricole-italia tag-garanzia-italia tag-gianluca-henny tag-intesa-sanpaolo tag-mariangela-affinita tag-sace tag-sapa tag-unicredit\">\n\t<div class=\"blog-list-content\">\t\t\n\t\t<div class=\"post-content-bottom\">\n\t\t\t<a href=\"https:\/\/sapacompany.com\/it\/garanzia-italia-per-sapa-spa\/\" class=\"post-bg-image-content\"><div class=\"blog-bg-image-metro \" style=\"background:url(https:\/\/sapacompany.com\/wp-content\/uploads\/2024\/10\/garanzia-italia-per-sapa-spa.jpg) #f7f7f7;\"><\/div><\/a>\n\t\t\t<div class=\"post-metro-content\">\n\t\t\t\t\t\t\t\t<h3 class=\"post-title\">\n\t<a href=\"https:\/\/sapacompany.com\/it\/garanzia-italia-per-sapa-spa\/\" class=\"normal\">Garanzia Italia per SAPA SpA<\/a>\n<\/h3>\n\t\t\t\t\t\t\t\t\t<div class=\"post-hover-content\">\n\t\t\t\t\t\t<div class=\"entry-content\">\n\t<p>\u00c8 la prima operazione con Garanzia SACE gestita con un Pool di Banche al Sud Italia. \u201cDimostrazione del supporto di <\/p>\n<\/div>\n\t\t\t\t\t<\/div>\n\t\t\t\t\t\t\t\t\t\t\t\t\t<div class=\"post-meta-info style-1\"><span class=\"meta-date\"><a href=\"https:\/\/sapacompany.com\/it\/garanzia-italia-per-sapa-spa\/\"><span class=\"entry-date\">31\/07\/2020<\/span><\/a><\/span>\n<\/div>\t\t\t\t\t\t\t\t\t\t\t<\/div>\n\t\t<\/div>\t\n\t\t\t\n\t<\/div>\n<\/article>\n<\/div><div class=\"grid-item metro-item7 tb-metro-item7     \"><article id=\"post-4851\" class=\"post-4851 post type-post status-publish format-standard has-post-thumbnail hentry category-news tag-horizon-2020 tag-ingegneria-innovazione tag-inquinamento tag-metodo-one-shot-sapa tag-plastica tag-ricerca-e-sviluppo tag-riciclabilita tag-sapa tag-sapa-group tag-sostenibilita tag-ue tag-volskwagen\">\n\t<div class=\"blog-list-content\">\t\t\n\t\t<div class=\"post-content-bottom\">\n\t\t\t<a href=\"https:\/\/sapacompany.com\/it\/non-vuoi-fare-la-fine-di-nokia-scegli-con-attenzione-i-tuoi-suppliers\/\" class=\"post-bg-image-content\"><div class=\"blog-bg-image-metro \" style=\"background:url(https:\/\/sapacompany.com\/wp-content\/uploads\/2024\/10\/nokia-2617880_1920.jpg) #f7f7f7;\"><\/div><\/a>\n\t\t\t<div class=\"post-metro-content\">\n\t\t\t\t\t\t\t\t<h3 class=\"post-title\">\n\t<a href=\"https:\/\/sapacompany.com\/it\/non-vuoi-fare-la-fine-di-nokia-scegli-con-attenzione-i-tuoi-suppliers\/\" class=\"normal\">Non vuoi \u201cfare la fine di Nokia\u201d? Scegli (con attenzione) i tuoi suppliers<\/a>\n<\/h3>\n\t\t\t\t\t\t\t\t\t<div class=\"post-hover-content\">\n\t\t\t\t\t\t<div class=\"entry-content\">\n\t<p>La multinazionale finlandese era leader del mercato ma ha perso la sfida degli smartphone perch\u00e9 non ha saputo cogliere il <\/p>\n<\/div>\n\t\t\t\t\t<\/div>\n\t\t\t\t\t\t\t\t\t\t\t\t\t<div class=\"post-meta-info style-1\"><span class=\"meta-date\"><a href=\"https:\/\/sapacompany.com\/it\/non-vuoi-fare-la-fine-di-nokia-scegli-con-attenzione-i-tuoi-suppliers\/\"><span class=\"entry-date\">10\/03\/2020<\/span><\/a><\/span>\n<\/div>\t\t\t\t\t\t\t\t\t\t\t<\/div>\n\t\t<\/div>\t\n\t\t\t\n\t<\/div>\n<\/article>\n<\/div><div class=\"grid-item metro-item8 tb-metro-item8     \"><article id=\"post-4840\" class=\"post-4840 post type-post status-publish format-standard has-post-thumbnail hentry category-news tag-auto-del-futuro tag-budget tag-componenti-leggeri tag-costi-ridotti tag-deformazioni tag-emissioni-ridotte tag-fermi-linea tag-garanzia tag-giovanni-affinita tag-ingegneria-dellinnovazione tag-one-shot-method tag-ottimizzazione-industriale tag-produttivita-infinita tag-produzione-automobili tag-sapa\">\n\t<div class=\"blog-list-content\">\t\t\n\t\t<div class=\"post-content-bottom\">\n\t\t\t<a href=\"https:\/\/sapacompany.com\/it\/se-commetti-anche-tu-1-di-questi-5-errori-non-lamentarti-di-fermi-linea-e-costi-eccessivi-2\/\" class=\"post-bg-image-content\"><div class=\"blog-bg-image-metro \" style=\"background:url(https:\/\/sapacompany.com\/wp-content\/uploads\/2024\/10\/181128101403-bmw-factory-2.jpg) #f7f7f7;\"><\/div><\/a>\n\t\t\t<div class=\"post-metro-content\">\n\t\t\t\t\t\t\t\t<h3 class=\"post-title\">\n\t<a href=\"https:\/\/sapacompany.com\/it\/se-commetti-anche-tu-1-di-questi-5-errori-non-lamentarti-di-fermi-linea-e-costi-eccessivi-2\/\" class=\"normal\">Se commetti anche tu 1 di questi 5 errori non lamentarti di fermi linea e costi eccessivi<\/a>\n<\/h3>\n\t\t\t\t\t\t\t\t\t<div class=\"post-hover-content\">\n\t\t\t\t\t\t<div class=\"entry-content\">\n\t<p>Il 2020 \u00e8 arrivato, eppure alcuni car maker continuano a essere incatenati alla metodologia tradizionale (e ai suoi inevitabili e <\/p>\n<\/div>\n\t\t\t\t\t<\/div>\n\t\t\t\t\t\t\t\t\t\t\t\t\t<div class=\"post-meta-info style-1\"><span class=\"meta-date\"><a href=\"https:\/\/sapacompany.com\/it\/se-commetti-anche-tu-1-di-questi-5-errori-non-lamentarti-di-fermi-linea-e-costi-eccessivi-2\/\"><span class=\"entry-date\">03\/03\/2020<\/span><\/a><\/span>\n<\/div>\t\t\t\t\t\t\t\t\t\t\t<\/div>\n\t\t<\/div>\t\n\t\t\t\n\t<\/div>\n<\/article>\n<\/div><div class=\"grid-item metro-item9 tb-metro-item9     \"><article id=\"post-4871\" class=\"post-4871 post type-post status-publish format-standard has-post-thumbnail hentry category-news\">\n\t<div class=\"blog-list-content\">\t\t\n\t\t<div class=\"post-content-bottom\">\n\t\t\t<a href=\"https:\/\/sapacompany.com\/it\/sviluppo-e-applicazione-di-materiali-e-processi-avanzati-nel-settore-automotive\/\" class=\"post-bg-image-content\"><div class=\"blog-bg-image-metro \" style=\"background:url(https:\/\/sapacompany.com\/wp-content\/uploads\/2024\/10\/sapa_sviluppo-e-applicazione-di-materiali-e-processi-avanzati-nel-settore-automotive.jpg) #f7f7f7;\"><\/div><\/a>\n\t\t\t<div class=\"post-metro-content\">\n\t\t\t\t\t\t\t\t<h3 class=\"post-title\">\n\t<a href=\"https:\/\/sapacompany.com\/it\/sviluppo-e-applicazione-di-materiali-e-processi-avanzati-nel-settore-automotive\/\" class=\"normal\">SVILUPPO E APPLICAZIONE DI MATERIALI E PROCESSI AVANZATI NEL SETTORE AUTOMOTIVE<\/a>\n<\/h3>\n\t\t\t\t\t\t\t\t\t<div class=\"post-hover-content\">\n\t\t\t\t\t\t<div class=\"entry-content\">\n\t<p>Il progetto di ricerca \u201cSviluppo e applicazione di materiali e processi avanzati nel settore automotive\u201d \u00e8 stato finanziato nell\u2019ambito del <\/p>\n<\/div>\n\t\t\t\t\t<\/div>\n\t\t\t\t\t\t\t\t\t\t\t\t\t<div class=\"post-meta-info style-1\"><span class=\"meta-date\"><a href=\"https:\/\/sapacompany.com\/it\/sviluppo-e-applicazione-di-materiali-e-processi-avanzati-nel-settore-automotive\/\"><span class=\"entry-date\">01\/03\/2020<\/span><\/a><\/span>\n<\/div>\t\t\t\t\t\t\t\t\t\t\t<\/div>\n\t\t<\/div>\t\n\t\t\t\n\t<\/div>\n<\/article>\n<\/div><div class=\"grid-item metro-item10 tb-metro-item10     \"><article id=\"post-4826\" class=\"post-4826 post type-post status-publish format-standard has-post-thumbnail hentry category-news tag-bioplastica tag-crf tag-fca tag-horizon-2020 tag-ingegneria-innovazione tag-inquinamento tag-life-biobcompo tag-materiali-polimerici tag-metodo-one-shot-sapa tag-plastica tag-poliammide-rinforzata tag-polimeri-avanzati tag-ricerca-e-sviluppo tag-riciclabilita tag-sapa tag-sapa-group tag-sophia tag-sostenibilita tag-ue\">\n\t<div class=\"blog-list-content\">\t\t\n\t\t<div class=\"post-content-bottom\">\n\t\t\t<a href=\"https:\/\/sapacompany.com\/it\/perche-la-plastica-e-e-restera-il-tuo-futuro-2\/\" class=\"post-bg-image-content\"><div class=\"blog-bg-image-metro \" style=\"background:url(https:\/\/sapacompany.com\/wp-content\/uploads\/2024\/10\/lego-1044891_1920.jpg) #f7f7f7;\"><\/div><\/a>\n\t\t\t<div class=\"post-metro-content\">\n\t\t\t\t\t\t\t\t<h3 class=\"post-title\">\n\t<a href=\"https:\/\/sapacompany.com\/it\/perche-la-plastica-e-e-restera-il-tuo-futuro-2\/\" class=\"normal\">Perch\u00e9 la plastica \u00e8 (e rester\u00e0) il tuo futuro<\/a>\n<\/h3>\n\t\t\t\t\t\t\t\t\t<div class=\"post-hover-content\">\n\t\t\t\t\t\t<div class=\"entry-content\">\n\t<p>Non esistono soluzioni migliori per costi, capacit\u00e0 progettuali ed industriali della plastica, in qualsiasi tecnologia. Il prodotto pi\u00f9 demonizzato del <\/p>\n<\/div>\n\t\t\t\t\t<\/div>\n\t\t\t\t\t\t\t\t\t\t\t\t\t<div class=\"post-meta-info style-1\"><span class=\"meta-date\"><a href=\"https:\/\/sapacompany.com\/it\/perche-la-plastica-e-e-restera-il-tuo-futuro-2\/\"><span class=\"entry-date\">25\/02\/2020<\/span><\/a><\/span>\n<\/div>\t\t\t\t\t\t\t\t\t\t\t<\/div>\n\t\t<\/div>\t\n\t\t\t\n\t<\/div>\n<\/article>\n<\/div><\/div><div class=\"ajax_load_more\"><a class=\"post-load-more\" data-layout=\"metro\" data-offset-posts=\"\" data-load-class=\"post69f7d0590b004\" data-display_post=\"10\" data-post_load_more=\"4\" data-loaded_posts=\"Caricamento completato\" data-tp_loading_text=\"Caricamento...\" data-page=\"1\" data-total_page=\"42\" data-loadattr= 'TDVOMk05a3VDRVFyUFc2L0pHQ3Bmby9ZMGFzb0ppVjRGbk1yRmdkcWhuL2ZtQ2VJVXRveUMyMkFBcUZKOS84d1NDbkxQVVVRWnNtbUhTZmxKaHlHNitocVFHY1dUd1dacU5hWUJvcTEvSlIrUE1wbG53SGtUZzFyeHNKbGhGbG4wVWJwWUwxeFVDcnVsRnJwNGo3UHYwbkgyZHBKS3pkekErK2paSEtUNXc1Unh5SVRkeXIyMTBoakxKVHp1dUhyTzVYWWlkSW1rSC9pQTZVN1lOdGNxNWFXdDc2dU12WDVObnkyNUxRZFBRbzg2Z3RveHpZWmNEMmg0MjNPaFBRakQ5L3dUV3lHMGN0cUl2TzVaUk1ZZ1FiWndrTkVveDZGNkR0OGVSR3hOb2VHQ3ZuWDJZS0VNQStYRmYvUGFBa3NkaXNOV3E4MnhnZitrK3V1THdKdkxQWmZJWmUrUXhWbGtuZFZzR3NwbDNlQlluS3pSNVRWc1hCZjcyMU1GN2ZzN1VUMHVkRGtOdVBQQ2F1aW9rRGJ4NENNNmh5MjF6TEdHRU5URU5qYk1CVWRyRDZPaWhJaXR1TXNmd3lhRGpBdEpMRVc0aDJ6bFNPYjQwZ0hXemxFbHZTTExSTlFyTzhPREtHVkN2dWxjeW9WU29iYWxmUXRKQ3BXem5yVUJzRzVEKzBoMkdMd2VhM1Jtc0ZsUEhvUldHR25nNG9OaUE0ajZHVDEvNWsrb1YwSTBISW5JMWtVaWViNzNLcFVJQmpiWXJzelVUQWVwSjJ4MzF6amwvK0lUS3h4eWJtbkFiMWdVdFFpYlJLbW8vRjQ4TmJaQlUwTjdvRmtDeVlBQWQ4RGlCNG8wUCtiOWVRRngySnkvc2tBYWlKV2VvZm0zYkF5aTE0S1E5b0JLdkFsUGh2Wk9sR1llY2J4dUNJYmxqeHRNQS93Z0pCSFB3eVltaGhQVWVjbUE3UVdtZzlJQVlJVEl2UFIyMTJRK0FvbnNSeFpuM1ovbUErUUdaZG5NZnJIMWZRSW1JaWZXOEhEVXVra1c0ZGtER3VscUpMbUxqeVZqL2VEYUREZFBGMDdQUlFlNnlScnNhVkxGT2x5RG5ocEhzdG4yQ2Ezd0lUWTJpMWIrRWx5cG1RQ2ZKNmhTRG42YU03RUxvT3JSblFPajVxV0NxUDRkWmNjQjZwWi9PUzFVMHhiOU5PWlRDSXpBUVRnU2ZJVlhhRjZndkw1ZW00cEo1dFZjdUhZMlRVR3pUcTJUK1NWbFdRRnhpYmhtN3FENEpqVTFiMEJFQWlSWWNQYlJVaUlhOWhRdzlOaDRSVXN4S0lhOUpBRTVTVUdOSTMxU08xVEh1enBFaVdxREZFZFowL01qQnJ5dXhpeklIMVBYaEx6VWVybkU2UjRteXNnT0pMZHZnQkxOS29VMW1mVnZEV3VOVXBSbmQyUDh2MzZYSi8yZWFVU0hjMTdOV1pMV2I0TzNueVdxMHdVTkoreE9obEF0SUJ5NXFYakZkaXpyd21xZmd3Sk1kcGlDWGxycDJUeWVFRXZOS0dPeUNLbHR5Nk1GRkNma3ZYaVV5SUtiYnNrc2M5bW5uZk15SktoRlo4bVZwLzlrdHoyOGUybVM0Mm5ybEw0TlhEUHQxUVB1cldkaCs1WWNMOGlLVlJacWQrNmNPcFJEMHJRMEluWURaVG9UODM5RzJ3ZkQrSmZxUEVIVEpIS0VFVDlSQ1BaTkdRanNEOGlmRXJXZUJJQkUzUkE2bmUxbXFnZkZ1bmRtK2hjd2o3bXBHQ2kzZUw0dVYySmRnTnp0WTA5ZzRtWHBxVnRYcHhOaVVUUzRmTVZZRC9MTThZcWUxK3FyS2xnZU5ub0NGYmM3QnRleDZEdkQvZlJpcXhFMmVvRTRjQWFJdU5tM0h1N0dJdzc0N3FGbG9ab0NwTE9HMVU9'>Altri articoli...<\/a><\/div><\/div>\t\t<\/div>\n\t\t\t\t<\/div>\n\t\t\t\t<div class=\"elementor-element elementor-element-4755d78 elementor-widget elementor-widget-tp-blog-listout\" data-id=\"4755d78\" data-element_type=\"widget\" data-no-translation=\"\" data-widget_type=\"tp-blog-listout.default\">\n\t\t\t\t<div class=\"elementor-widget-container\">\n\t\t\t<style>.elementor-element-4755d78{display:none !important}<\/style>\t\t<\/div>\n\t\t\t\t<\/div>\n\t\t\t\t<\/div>\n\t\t\t\t<\/div>\n\t\t","protected":false},"excerpt":{"rendered":"<p>One-Shot Magazine Creative Recycling at SAPA: From Apples to Advanced Components How we transform apple containers into sustainable receptacles for [&hellip;]<\/p>\n","protected":false},"author":1,"featured_media":0,"parent":0,"menu_order":0,"comment_status":"closed","ping_status":"closed","template":"","meta":{"site-sidebar-layout":"no-sidebar","site-content-layout":"","ast-site-content-layout":"full-width-container","site-content-style":"default","site-sidebar-style":"default","ast-global-header-display":"","ast-banner-title-visibility":"","ast-main-header-display":"","ast-hfb-above-header-display":"","ast-hfb-below-header-display":"","ast-hfb-mobile-header-display":"","site-post-title":"disabled","ast-breadcrumbs-content":"","ast-featured-img":"disabled","footer-sml-layout":"","theme-transparent-header-meta":"","adv-header-id-meta":"","stick-header-meta":"","header-above-stick-meta":"","header-main-stick-meta":"","header-below-stick-meta":"","astra-migrate-meta-layouts":"default","ast-page-background-enabled":"default","ast-page-background-meta":{"desktop":{"background-color":"var(--ast-global-color-4)","background-image":"","background-repeat":"repeat","background-position":"center center","background-size":"auto","background-attachment":"scroll","background-type":"","background-media":"","overlay-type":"","overlay-color":"","overlay-gradient":""},"tablet":{"background-color":"","background-image":"","background-repeat":"repeat","background-position":"center center","background-size":"auto","background-attachment":"scroll","background-type":"","background-media":"","overlay-type":"","overlay-color":"","overlay-gradient":""},"mobile":{"background-color":"","background-image":"","background-repeat":"repeat","background-position":"center center","background-size":"auto","background-attachment":"scroll","background-type":"","background-media":"","overlay-type":"","overlay-color":"","overlay-gradient":""}},"ast-content-background-meta":{"desktop":{"background-color":"var(--ast-global-color-5)","background-image":"","background-repeat":"repeat","background-position":"center center","background-size":"auto","background-attachment":"scroll","background-type":"","background-media":"","overlay-type":"","overlay-color":"","overlay-gradient":""},"tablet":{"background-color":"var(--ast-global-color-5)","background-image":"","background-repeat":"repeat","background-position":"center center","background-size":"auto","background-attachment":"scroll","background-type":"","background-media":"","overlay-type":"","overlay-color":"","overlay-gradient":""},"mobile":{"background-color":"var(--ast-global-color-5)","background-image":"","background-repeat":"repeat","background-position":"center center","background-size":"auto","background-attachment":"scroll","background-type":"","background-media":"","overlay-type":"","overlay-color":"","overlay-gradient":""}},"footnotes":""},"class_list":["post-1986","page","type-page","status-publish","hentry"],"_hostinger_reach_plugin_has_subscription_block":false,"_hostinger_reach_plugin_is_elementor":false,"_links":{"self":[{"href":"https:\/\/sapacompany.com\/it\/wp-json\/wp\/v2\/pages\/1986","targetHints":{"allow":["GET"]}}],"collection":[{"href":"https:\/\/sapacompany.com\/it\/wp-json\/wp\/v2\/pages"}],"about":[{"href":"https:\/\/sapacompany.com\/it\/wp-json\/wp\/v2\/types\/page"}],"author":[{"embeddable":true,"href":"https:\/\/sapacompany.com\/it\/wp-json\/wp\/v2\/users\/1"}],"replies":[{"embeddable":true,"href":"https:\/\/sapacompany.com\/it\/wp-json\/wp\/v2\/comments?post=1986"}],"version-history":[{"count":13,"href":"https:\/\/sapacompany.com\/it\/wp-json\/wp\/v2\/pages\/1986\/revisions"}],"predecessor-version":[{"id":4908,"href":"https:\/\/sapacompany.com\/it\/wp-json\/wp\/v2\/pages\/1986\/revisions\/4908"}],"wp:attachment":[{"href":"https:\/\/sapacompany.com\/it\/wp-json\/wp\/v2\/media?parent=1986"}],"curies":[{"name":"wp","href":"https:\/\/api.w.org\/{rel}","templated":true}]}}